{"id":1660,"date":"2023-08-05T09:40:07","date_gmt":"2023-08-05T08:40:07","guid":{"rendered":"https:\/\/ouzlimbio.net\/?post_type=product&#038;p=1660"},"modified":"2025-05-01T21:52:22","modified_gmt":"2025-05-01T20:52:22","slug":"miel-thym","status":"publish","type":"product","link":"https:\/\/ouzlimbio.net\/index.php\/produit\/miel-thym\/","title":{"rendered":"Miel thym   \u0639\u0633\u0644 \u0627\u0644\u0632\u0639\u064a\u062a\u0631\u0629"},"content":{"rendered":"<p>Le miel de thym est un miel puissant et aromatique, produit \u00e0 partir des fleurs du thym (Thymus vulgaris), une plante m\u00e9diterran\u00e9enne connue pour ses propri\u00e9t\u00e9s m\u00e9dicinales. Il a une couleur ambr\u00e9e \u00e0 fonc\u00e9e, un go\u00fbt intense, l\u00e9g\u00e8rement \u00e9pic\u00e9 et herbac\u00e9, avec des notes persistantes en bouche. Sa texture est souvent \u00e9paisse, et il cristallise lentement. Ce miel est particuli\u00e8rement recherch\u00e9 pour ses bienfaits th\u00e9rapeutiques exceptionnels.<br \/>\nSource d&#8217;\u00e9nergie \u0645\u0635\u062f\u0631 \u0644\u0644\u0637\u0627\u0642\u0629<br \/>\n\u0639\u0633\u0644 \u0627\u0644\u0632\u0639\u064a\u062a\u0631\u0629 \u0647\u0648 \u0639\u0633\u0644 \u0642\u0648\u064a \u0648\u0639\u0637\u0631\u064a \u064a\u0633\u062a\u062e\u0631\u062c \u0645\u0646 \u0623\u0632\u0647\u0627\u0631 \u0646\u0628\u0627\u062a \u0627\u0644\u0632\u0639\u064a\u062a\u0631\u0629\u060c \u0648\u0647\u0648 \u0646\u0628\u0627\u062a \u0645\u062a\u0648\u0633\u0637\u064a \u0645\u0639\u0631\u0648\u0641 \u0628\u062e\u0635\u0627\u0626\u0635\u0647 \u0627\u0644\u0639\u0644\u0627\u062c\u064a\u0629. \u064a\u062a\u0645\u064a\u0632 \u0628\u0644\u0648\u0646\u0647 \u0627\u0644\u0643\u0647\u0631\u0645\u0627\u0646\u064a \u0625\u0644\u0649 \u0627\u0644\u062f\u0627\u0643\u0646. \u0648\u0646\u0643\u0647\u062a\u0647 \u0627\u0644\u0642\u0648\u064a\u0629 \u0627\u0644\u062a\u064a \u062a\u062c\u0645\u0639 \u0628\u064a\u0646 \u0627\u0644\u0637\u0639\u0645 \u0627\u0644\u062d\u0627\u0631 \u0648\u0627\u0644\u0639\u0634\u0628\u064a \u0645\u0639 \u0644\u0645\u0633\u0627\u062a \u0637\u0648\u064a\u0644\u0629 \u0627\u0644\u0623\u0645\u062f. \u0642\u0648\u0627\u0645\u0647 \u063a\u0627\u0644\u0628\u0627 \u0643\u062b\u064a\u0641 \u0648\u064a\u062a\u0628\u0644\u0648\u0631 \u0628\u0628\u0637\u0621. \u064a\u0639\u062a\u0628\u0631 \u0647\u0630\u0627 \u0627\u0644\u0639\u0633\u0644 \u0645\u0646 \u0623\u0643\u062b\u0631 \u0627\u0644\u0623\u0646\u0648\u0627\u0639 \u0637\u0644\u0628\u0627 \u0644\u0641\u0648\u0627\u0626\u062f\u0647 \u0627\u0644\u0635\u062d\u064a\u0629 \u0627\u0644\u0641\u0631\u064a\u062f\u0629<\/p>\n","protected":false},"excerpt":{"rendered":"<p>Le miel de thym est une merveilleuse cr\u00e9ation de la nature.<\/p>\n","protected":false},"featured_media":2206,"comment_status":"open","ping_status":"closed","template":"","meta":{"om_disable_all_campaigns":false,"_mi_skip_tracking":false,"_monsterinsights_sitenote_active":false,"_monsterinsights_sitenote_note":"","_monsterinsights_sitenote_category":0},"product_cat":[55,59,46],"product_tag":[],"class_list":["post-1660","product","type-product","status-publish","has-post-thumbnail","hentry","product_cat-alimentaires","product_cat-miel","product_cat-tout"],"aioseo_notices":[],"_links":{"self":[{"href":"https:\/\/ouzlimbio.net\/index.php\/wp-json\/wp\/v2\/product\/1660","targetHints":{"allow":["GET"]}}],"collection":[{"href":"https:\/\/ouzlimbio.net\/index.php\/wp-json\/wp\/v2\/product"}],"about":[{"href":"https:\/\/ouzlimbio.net\/index.php\/wp-json\/wp\/v2\/types\/product"}],"replies":[{"embeddable":true,"href":"https:\/\/ouzlimbio.net\/index.php\/wp-json\/wp\/v2\/comments?post=1660"}],"wp:featuredmedia":[{"embeddable":true,"href":"https:\/\/ouzlimbio.net\/index.php\/wp-json\/wp\/v2\/media\/2206"}],"wp:attachment":[{"href":"https:\/\/ouzlimbio.net\/index.php\/wp-json\/wp\/v2\/media?parent=1660"}],"wp:term":[{"taxonomy":"product_cat","embeddable":true,"href":"https:\/\/ouzlimbio.net\/index.php\/wp-json\/wp\/v2\/product_cat?post=1660"},{"taxonomy":"product_tag","embeddable":true,"href":"https:\/\/ouzlimbio.net\/index.php\/wp-json\/wp\/v2\/product_tag?post=1660"}],"curies":[{"name":"wp","href":"https:\/\/api.w.org\/{rel}","templated":true}]}}