{"id":1682,"date":"2023-08-05T11:04:23","date_gmt":"2023-08-05T10:04:23","guid":{"rendered":"https:\/\/ouzlimbio.net\/?post_type=product&#038;p=1682"},"modified":"2025-05-01T21:52:22","modified_gmt":"2025-05-01T20:52:22","slug":"miel-de-chrdon","status":"publish","type":"product","link":"https:\/\/ouzlimbio.net\/index.php\/produit\/miel-de-chrdon\/","title":{"rendered":"Miel de Chrdon  \u0639\u0633\u0644 \u0627\u0644\u0634\u0648\u0643"},"content":{"rendered":"<p>Le miel de chardon est un miel pr\u00e9cieux et rare, produit \u00e0 partir des fleurs de chardon, une plante m\u00e9dicinale bien connue. Ce miel se distingue par sa couleur dor\u00e9e intense et sa saveur douce et d\u00e9licate, avec des notes l\u00e9g\u00e8rement herbac\u00e9es. Gr\u00e2ce \u00e0 ses nombreuses propri\u00e9t\u00e9s th\u00e9rapeutiques, il est tr\u00e8s appr\u00e9ci\u00e9 pour ses bienfaits sur la sant\u00e9 et son utilisation en m\u00e9decine traditionnelle.<br \/>\nAide \u00e0 r\u00e9duire le stress \u064a\u0633\u0627\u0639\u062f \u0639\u0644\u0649 \u062a\u0642\u0644\u064a\u0644 \u0627\u0644\u062a\u0648\u062a\u0631<br \/>\n\u0639\u0633\u0644 \u0627\u0644\u0634\u0648\u0643 \u0647\u0648 \u0639\u0633\u0644 \u0646\u0627\u062f\u0631 \u0648\u062b\u0645\u064a\u0646 \u064a\u0633\u062a\u062e\u0631\u062c \u0645\u0646 \u0623\u0632\u0647\u0627\u0631 \u0646\u0628\u0627\u062a \u0627\u0644\u0634\u0648\u0643\u060c \u0648\u0647\u0648 \u0646\u0628\u0627\u062a \u0637\u0628\u064a \u0645\u0639\u0631\u0648\u0641. \u064a\u062a\u0645\u064a\u0632 \u0647\u0630\u0627 \u0627\u0644\u0639\u0633\u0644 \u0628\u0644\u0648\u0646\u0647 \u0627\u0644\u0630\u0647\u0628\u064a \u0627\u0644\u0639\u0645\u064a\u0642 \u0648\u0646\u0643\u0647\u062a\u0647 \u0627\u0644\u062d\u0644\u0648\u0629 \u0648\u0627\u0644\u0631\u0642\u064a\u0642\u0629 \u0645\u0639 \u0644\u0645\u0633\u0627\u062a \u0639\u0634\u0628\u064a\u0629 \u062e\u0641\u064a\u0641\u0629. \u064a\u064f\u0642\u062f\u0651\u0631 \u0639\u0633\u0644 \u0627\u0644\u0634\u0648\u0643 \u0644\u0641\u0648\u0627\u0626\u062f\u0647 \u0627\u0644\u0635\u062d\u064a\u0629 \u0627\u0644\u0645\u062a\u0639\u062f\u062f\u0629 \u0648\u0627\u0633\u062a\u062e\u062f\u0627\u0645\u0627\u062a\u0647 \u0627\u0644\u0648\u0627\u0633\u0639\u0629 \u0641\u064a \u0627\u0644\u0637\u0628 \u0627\u0644\u062a\u0642\u0644\u064a\u062f\u064a<\/p>\n","protected":false},"excerpt":{"rendered":"<p>Le miel de chardon est un miel pr\u00e9cieux et rare, produit \u00e0 partir des fleurs de chardon, une plante m\u00e9dicinale bien connue. Ce miel se distingue par sa couleur dor\u00e9e intense et sa saveur douce et d\u00e9licate, avec des notes l\u00e9g\u00e8rement herbac\u00e9es. Gr\u00e2ce \u00e0 ses nombreuses propri\u00e9t\u00e9s th\u00e9rapeutiques, il est tr\u00e8s appr\u00e9ci\u00e9 pour ses bienfaits sur la sant\u00e9 et son utilisation en m\u00e9decine traditionnelle. Aide \u00e0 r\u00e9duire le stress \u064a\u0633\u0627\u0639\u062f \u0639\u0644\u0649 \u062a\u0642\u0644\u064a\u0644 \u0627\u0644\u062a\u0648\u062a\u0631 \u0639\u0633\u0644 \u0627\u0644\u0634\u0648\u0643 \u0647\u0648 \u0639\u0633\u0644 \u0646\u0627\u062f\u0631 \u0648\u062b\u0645\u064a\u0646 \u064a\u0633\u062a\u062e\u0631\u062c \u0645\u0646 \u0623\u0632\u0647\u0627\u0631 \u0646\u0628\u0627\u062a \u0627\u0644\u0634\u0648\u0643\u060c \u0648\u0647\u0648 \u0646\u0628\u0627\u062a \u0637\u0628\u064a \u0645\u0639\u0631\u0648\u0641. \u064a\u062a\u0645\u064a\u0632 \u0647\u0630\u0627 \u0627\u0644\u0639\u0633\u0644 \u0628\u0644\u0648\u0646\u0647 \u0627\u0644\u0630\u0647\u0628\u064a \u0627\u0644\u0639\u0645\u064a\u0642 \u0648\u0646\u0643\u0647\u062a\u0647 \u0627\u0644\u062d\u0644\u0648\u0629 \u0648\u0627\u0644\u0631\u0642\u064a\u0642\u0629 \u0645\u0639 \u0644\u0645\u0633\u0627\u062a \u0639\u0634\u0628\u064a\u0629\u2026<\/p>\n","protected":false},"featured_media":2182,"comment_status":"open","ping_status":"closed","template":"","meta":{"om_disable_all_campaigns":false,"_mi_skip_tracking":false,"_monsterinsights_sitenote_active":false,"_monsterinsights_sitenote_note":"","_monsterinsights_sitenote_category":0},"product_cat":[55,59,46],"product_tag":[],"class_list":["post-1682","product","type-product","status-publish","has-post-thumbnail","hentry","product_cat-alimentaires","product_cat-miel","product_cat-tout"],"aioseo_notices":[],"_links":{"self":[{"href":"https:\/\/ouzlimbio.net\/index.php\/wp-json\/wp\/v2\/product\/1682","targetHints":{"allow":["GET"]}}],"collection":[{"href":"https:\/\/ouzlimbio.net\/index.php\/wp-json\/wp\/v2\/product"}],"about":[{"href":"https:\/\/ouzlimbio.net\/index.php\/wp-json\/wp\/v2\/types\/product"}],"replies":[{"embeddable":true,"href":"https:\/\/ouzlimbio.net\/index.php\/wp-json\/wp\/v2\/comments?post=1682"}],"wp:featuredmedia":[{"embeddable":true,"href":"https:\/\/ouzlimbio.net\/index.php\/wp-json\/wp\/v2\/media\/2182"}],"wp:attachment":[{"href":"https:\/\/ouzlimbio.net\/index.php\/wp-json\/wp\/v2\/media?parent=1682"}],"wp:term":[{"taxonomy":"product_cat","embeddable":true,"href":"https:\/\/ouzlimbio.net\/index.php\/wp-json\/wp\/v2\/product_cat?post=1682"},{"taxonomy":"product_tag","embeddable":true,"href":"https:\/\/ouzlimbio.net\/index.php\/wp-json\/wp\/v2\/product_tag?post=1682"}],"curies":[{"name":"wp","href":"https:\/\/api.w.org\/{rel}","templated":true}]}}