{"id":1692,"date":"2023-08-05T14:06:51","date_gmt":"2023-08-05T13:06:51","guid":{"rendered":"https:\/\/ouzlimbio.net\/?post_type=product&#038;p=1692"},"modified":"2025-05-01T21:52:22","modified_gmt":"2025-05-01T20:52:22","slug":"miel-jujubier","status":"publish","type":"product","link":"https:\/\/ouzlimbio.net\/index.php\/produit\/miel-jujubier\/","title":{"rendered":"Miel jujubier  \u0639\u0633\u0644 \u0627\u0644\u0633\u062f\u0631"},"content":{"rendered":"<p>Le miel de jujubier, \u00e9galement connu sous le nom de miel de &#8220;sidr&#8221;, est un miel prestigieux et rare, produit \u00e0 partir des fleurs de l&#8217;arbre de jujubier (Ziziphus spina-christi). Il est tr\u00e8s appr\u00e9ci\u00e9 pour sa saveur douce et l\u00e9g\u00e8rement caram\u00e9lis\u00e9e et sa texture riche et onctueuse. R\u00e9put\u00e9 pour ses propri\u00e9t\u00e9s m\u00e9dicinales et sa qualit\u00e9 exceptionnelle, ce miel est souvent consid\u00e9r\u00e9 comme l&#8217;un des meilleurs au monde.<br \/>\nAugmenter l&#8217;\u00e9nergie et la vitalit\u00e9<br \/>\n\u0632\u064a\u0627\u062f\u0629 \u0627\u0644\u0637\u0627\u0642\u0629 \u0648\u0627\u0644\u062d\u064a\u0648\u064a\u0629<br \/>\n\u0639\u0633\u0644 \u0627\u0644\u0633\u062f\u0631\u060c \u0627\u0644\u0645\u0639\u0631\u0648\u0641 \u0623\u064a\u0636\u064b\u0627 \u0628\u0627\u0633\u0645 \u0639\u0633\u0644 &#8220;\u0627\u0644\u0633\u062f\u0631&#8221;\u060c \u0647\u0648 \u0639\u0633\u0644 \u0641\u0627\u062e\u0631 \u0648\u0646\u0627\u062f\u0631 \u064a\u062a\u0645 \u0625\u0646\u062a\u0627\u062c\u0647 \u0645\u0646 \u0623\u0632\u0647\u0627\u0631 \u0634\u062c\u0631\u0629 \u0627\u0644\u0633\u062f\u0631. \u064a\u062a\u0645\u064a\u0632 \u0628\u0646\u0643\u0647\u062a\u0647 \u0627\u0644\u062d\u0644\u0648\u0629 \u0645\u0639 \u0644\u0645\u0633\u0629 \u0643\u0631\u0645\u064a\u0644\u064a\u0629 \u062e\u0641\u064a\u0641\u0629. \u0648\u0642\u0648\u0627\u0645\u0647 \u0627\u0644\u063a\u0646\u064a \u0648\u0627\u0644\u0643\u062b\u064a\u0641. \u064a\u0639\u062a\u0628\u0631 \u0645\u0646 \u0623\u0641\u0636\u0644 \u0623\u0646\u0648\u0627\u0639 \u0627\u0644\u0639\u0633\u0644 \u0641\u064a \u0627\u0644\u0639\u0627\u0644\u0645 \u0628\u0641\u0636\u0644 \u062e\u0635\u0627\u0626\u0635\u0647 \u0627\u0644\u0639\u0644\u0627\u062c\u064a\u0629 \u0648\u062c\u0648\u062f\u062a\u0647 \u0627\u0644\u0639\u0627\u0644\u064a\u0629<\/p>\n","protected":false},"excerpt":{"rendered":"<p>Le miel de jujubier, \u00e9galement connu sous le nom de miel de &#8220;sidr&#8221;, est un miel prestigieux et rare, produit \u00e0 partir des fleurs de l&#8217;arbre de jujubier (Ziziphus spina-christi). Il est tr\u00e8s appr\u00e9ci\u00e9 pour sa saveur douce et l\u00e9g\u00e8rement caram\u00e9lis\u00e9e et sa texture riche et onctueuse. R\u00e9put\u00e9 pour ses propri\u00e9t\u00e9s m\u00e9dicinales et sa qualit\u00e9 exceptionnelle, ce miel est souvent consid\u00e9r\u00e9 comme l&#8217;un des meilleurs au monde. Augmenter l&#8217;\u00e9nergie et la vitalit\u00e9 \u0632\u064a\u0627\u062f\u0629 \u0627\u0644\u0637\u0627\u0642\u0629 \u0648\u0627\u0644\u062d\u064a\u0648\u064a\u0629 \u0639\u0633\u0644 \u0627\u0644\u0633\u062f\u0631\u060c \u0627\u0644\u0645\u0639\u0631\u0648\u0641 \u0623\u064a\u0636\u064b\u0627 \u0628\u0627\u0633\u0645 \u0639\u0633\u0644 &#8220;\u0627\u0644\u0633\u062f\u0631&#8221;\u060c \u0647\u0648 \u0639\u0633\u0644 \u0641\u0627\u062e\u0631 \u0648\u0646\u0627\u062f\u0631 \u064a\u062a\u0645 \u0625\u0646\u062a\u0627\u062c\u0647 \u0645\u0646 \u0623\u0632\u0647\u0627\u0631 \u0634\u062c\u0631\u0629 \u0627\u0644\u0633\u062f\u0631. \u064a\u062a\u0645\u064a\u0632 \u0628\u0646\u0643\u0647\u062a\u0647 \u0627\u0644\u062d\u0644\u0648\u0629 \u0645\u0639 \u0644\u0645\u0633\u0629 \u0643\u0631\u0645\u064a\u0644\u064a\u0629 \u062e\u0641\u064a\u0641\u0629. \u0648\u0642\u0648\u0627\u0645\u0647\u2026<\/p>\n","protected":false},"featured_media":2200,"comment_status":"open","ping_status":"closed","template":"","meta":{"om_disable_all_campaigns":false,"_mi_skip_tracking":false,"_monsterinsights_sitenote_active":false,"_monsterinsights_sitenote_note":"","_monsterinsights_sitenote_category":0},"product_cat":[55,59,46],"product_tag":[],"class_list":["post-1692","product","type-product","status-publish","has-post-thumbnail","hentry","product_cat-alimentaires","product_cat-miel","product_cat-tout"],"aioseo_notices":[],"_links":{"self":[{"href":"https:\/\/ouzlimbio.net\/index.php\/wp-json\/wp\/v2\/product\/1692","targetHints":{"allow":["GET"]}}],"collection":[{"href":"https:\/\/ouzlimbio.net\/index.php\/wp-json\/wp\/v2\/product"}],"about":[{"href":"https:\/\/ouzlimbio.net\/index.php\/wp-json\/wp\/v2\/types\/product"}],"replies":[{"embeddable":true,"href":"https:\/\/ouzlimbio.net\/index.php\/wp-json\/wp\/v2\/comments?post=1692"}],"wp:featuredmedia":[{"embeddable":true,"href":"https:\/\/ouzlimbio.net\/index.php\/wp-json\/wp\/v2\/media\/2200"}],"wp:attachment":[{"href":"https:\/\/ouzlimbio.net\/index.php\/wp-json\/wp\/v2\/media?parent=1692"}],"wp:term":[{"taxonomy":"product_cat","embeddable":true,"href":"https:\/\/ouzlimbio.net\/index.php\/wp-json\/wp\/v2\/product_cat?post=1692"},{"taxonomy":"product_tag","embeddable":true,"href":"https:\/\/ouzlimbio.net\/index.php\/wp-json\/wp\/v2\/product_tag?post=1692"}],"curies":[{"name":"wp","href":"https:\/\/api.w.org\/{rel}","templated":true}]}}