{"id":1713,"date":"2023-08-07T10:04:13","date_gmt":"2023-08-07T09:04:13","guid":{"rendered":"https:\/\/ouzlimbio.net\/?post_type=product&#038;p=1713"},"modified":"2025-05-01T21:52:21","modified_gmt":"2025-05-01T20:52:21","slug":"miel-dorange","status":"publish","type":"product","link":"https:\/\/ouzlimbio.net\/index.php\/produit\/miel-dorange\/","title":{"rendered":"Miel d&#8217;orange  \u0639\u0633\u0644 \u0627\u0644\u0644\u064a\u0645\u0648\u0646"},"content":{"rendered":"<p>Le miel de fleur d&#8217;oranger est un miel d\u00e9licat et aromatique produit \u00e0 partir des fleurs de l&#8217;oranger. Il se caract\u00e9rise par sa couleur claire, souvent dor\u00e9e, et son go\u00fbt doux et sucr\u00e9 avec de l\u00e9g\u00e8res nuances florales. Son parfum apaisant ressemble \u00e0 une fleur d&#8217;oranger, ce qui en fait l&#8217;un des types de miel les plus populaires. Sa texture est g\u00e9n\u00e9ralement lisse et cristallise lentement avec le temps.<br \/>\n0<br \/>\n\u0639\u0633\u0644 \u0632\u0647\u0631 \u0627\u0644\u0628\u0631\u062a\u0642\u0627\u0644 \u0647\u0648 \u0639\u0633\u0644 \u0631\u0642\u064a\u0642 \u0648\u0639\u0637\u0631\u064a \u064a\u062a\u0645 \u0625\u0646\u062a\u0627\u062c\u0647 \u0645\u0646 \u0623\u0632\u0647\u0627\u0631 \u0634\u062c\u0631\u0629 \u0627\u0644\u0628\u0631\u062a\u0642\u0627\u0644. \u064a\u062a\u0645\u064a\u0632 \u0628\u0644\u0648\u0646\u0647 \u0627\u0644\u0641\u0627\u062a\u062d\u060c \u063a\u0627\u0644\u0628\u0627 \u0627\u0644\u0630\u0647\u0628\u064a\u060c \u0648\u0628\u0637\u0639\u0645\u0647 \u0627\u0644\u0646\u0627\u0639\u0645 \u0648\u0627\u0644\u062d\u0644\u0648 \u0645\u0639 \u0644\u0645\u0633\u0627\u062a \u0632\u0647\u0631\u064a\u0629 \u062e\u0641\u064a\u0641\u0629. \u0631\u0627\u0626\u062d\u062a\u0647 \u0627\u0644\u0647\u0627\u062f\u0626\u0629 \u062a\u0634\u0628\u0647 \u0632\u0647\u0631\u0629 \u0627\u0644\u0628\u0631\u062a\u0642\u0627\u0644\u060c \u0645\u0645\u0627 \u064a\u062c\u0639\u0644\u0647 \u0645\u0646 \u0623\u0643\u062b\u0631 \u0623\u0646\u0648\u0627\u0639 \u0627\u0644\u0639\u0633\u0644 \u0634\u0647\u0631\u0629 . \u0642\u0648\u0627\u0645\u0647 \u0639\u0627\u062f\u0629 \u0646\u0627\u0639\u0645 \u0648\u064a\u062a\u0628\u0644\u0648\u0631 \u0628\u0628\u0637\u0621 \u0645\u0639 \u0645\u0631\u0648\u0631 \u0627\u0644\u0648\u0642\u062a<\/p>\n","protected":false},"excerpt":{"rendered":"<p>Le miel de fleur d&#8217;oranger est un miel d\u00e9licat et aromatique produit \u00e0 partir des fleurs de l&#8217;oranger. Il se caract\u00e9rise par sa couleur claire, souvent dor\u00e9e, et son go\u00fbt doux et sucr\u00e9 avec de l\u00e9g\u00e8res nuances florales. Son parfum apaisant ressemble \u00e0 une fleur d&#8217;oranger, ce qui en fait l&#8217;un des types de miel les plus populaires. Sa texture est g\u00e9n\u00e9ralement lisse et cristallise lentement avec le temps. 0 \u0639\u0633\u0644 \u0632\u0647\u0631 \u0627\u0644\u0628\u0631\u062a\u0642\u0627\u0644 \u0647\u0648 \u0639\u0633\u0644 \u0631\u0642\u064a\u0642 \u0648\u0639\u0637\u0631\u064a \u064a\u062a\u0645 \u0625\u0646\u062a\u0627\u062c\u0647 \u0645\u0646 \u0623\u0632\u0647\u0627\u0631 \u0634\u062c\u0631\u0629 \u0627\u0644\u0628\u0631\u062a\u0642\u0627\u0644. \u064a\u062a\u0645\u064a\u0632 \u0628\u0644\u0648\u0646\u0647 \u0627\u0644\u0641\u0627\u062a\u062d\u060c \u063a\u0627\u0644\u0628\u0627 \u0627\u0644\u0630\u0647\u0628\u064a\u060c \u0648\u0628\u0637\u0639\u0645\u0647 \u0627\u0644\u0646\u0627\u0639\u0645 \u0648\u0627\u0644\u062d\u0644\u0648 \u0645\u0639 \u0644\u0645\u0633\u0627\u062a \u0632\u0647\u0631\u064a\u0629 \u062e\u0641\u064a\u0641\u0629. \u0631\u0627\u0626\u062d\u062a\u0647 \u0627\u0644\u0647\u0627\u062f\u0626\u0629 \u062a\u0634\u0628\u0647 \u0632\u0647\u0631\u0629 \u0627\u0644\u0628\u0631\u062a\u0642\u0627\u0644\u060c\u2026<\/p>\n","protected":false},"featured_media":2194,"comment_status":"open","ping_status":"closed","template":"","meta":{"om_disable_all_campaigns":false,"_mi_skip_tracking":false,"_monsterinsights_sitenote_active":false,"_monsterinsights_sitenote_note":"","_monsterinsights_sitenote_category":0},"product_cat":[55,59,46],"product_tag":[],"class_list":["post-1713","product","type-product","status-publish","has-post-thumbnail","hentry","product_cat-alimentaires","product_cat-miel","product_cat-tout"],"aioseo_notices":[],"_links":{"self":[{"href":"https:\/\/ouzlimbio.net\/index.php\/wp-json\/wp\/v2\/product\/1713","targetHints":{"allow":["GET"]}}],"collection":[{"href":"https:\/\/ouzlimbio.net\/index.php\/wp-json\/wp\/v2\/product"}],"about":[{"href":"https:\/\/ouzlimbio.net\/index.php\/wp-json\/wp\/v2\/types\/product"}],"replies":[{"embeddable":true,"href":"https:\/\/ouzlimbio.net\/index.php\/wp-json\/wp\/v2\/comments?post=1713"}],"wp:featuredmedia":[{"embeddable":true,"href":"https:\/\/ouzlimbio.net\/index.php\/wp-json\/wp\/v2\/media\/2194"}],"wp:attachment":[{"href":"https:\/\/ouzlimbio.net\/index.php\/wp-json\/wp\/v2\/media?parent=1713"}],"wp:term":[{"taxonomy":"product_cat","embeddable":true,"href":"https:\/\/ouzlimbio.net\/index.php\/wp-json\/wp\/v2\/product_cat?post=1713"},{"taxonomy":"product_tag","embeddable":true,"href":"https:\/\/ouzlimbio.net\/index.php\/wp-json\/wp\/v2\/product_tag?post=1713"}],"curies":[{"name":"wp","href":"https:\/\/api.w.org\/{rel}","templated":true}]}}