{"id":1718,"date":"2023-08-07T10:18:26","date_gmt":"2023-08-07T09:18:26","guid":{"rendered":"https:\/\/ouzlimbio.net\/?post_type=product&#038;p=1718"},"modified":"2025-05-01T21:52:21","modified_gmt":"2025-05-01T20:52:21","slug":"miel-deuphorbe","status":"publish","type":"product","link":"https:\/\/ouzlimbio.net\/index.php\/produit\/miel-deuphorbe\/","title":{"rendered":"Miel d&#8217;euphorbe \u0639\u0633\u0644 \u0627\u0644\u062f\u063a\u0645\u0648\u0633"},"content":{"rendered":"<p>Le miel d&#8217;euphorbe, \u00e9galement connu sous le nom de miel de &#8220;Daghmous&#8221;, est un miel rare et unique provenant des fleurs de la plante euphorbe, typique des r\u00e9gions arides et d\u00e9sertiques. Il se distingue par sa couleur ambr\u00e9e fonc\u00e9e, son go\u00fbt fort et piquant, et ses ar\u00f4mes intenses. Ce miel est tr\u00e8s appr\u00e9ci\u00e9 pour ses vertus th\u00e9rapeutiques et sa composition riche en nutriments. Sa texture est g\u00e9n\u00e9ralement \u00e9paisse, et il est particuli\u00e8rement recherch\u00e9 au Maroc et dans d&#8217;autres r\u00e9gions.<br \/>\n0<br \/>\n\u0639\u0633\u0644 &#8220;\u0627\u0644\u062f\u063a\u0645\u0648\u0633&#8221; \u0647\u0648 \u0639\u0633\u0644 \u0646\u0627\u062f\u0631 \u0648\u0645\u0645\u064a\u0632 \u064a\u062a\u0645 \u0627\u0633\u062a\u062e\u0631\u0627\u062c\u0647 \u0645\u0646 \u0623\u0632\u0647\u0627\u0631 \u0646\u0628\u0627\u062a \u0627\u0644\u062f\u063a\u0645\u0648\u0633 \u0648\u0647\u0648 \u0646\u0628\u0627\u062a \u064a\u0646\u0645\u0648 \u0641\u064a \u0627\u0644\u0645\u0646\u0627\u0637\u0642 \u0627\u0644\u062c\u0627\u0641\u0629 \u0648\u0627\u0644\u0635\u062d\u0631\u0627\u0648\u064a\u0629. \u064a\u062a\u0645\u064a\u0632 \u0628\u0644\u0648\u0646\u0647 \u0627\u0644\u0623\u062e\u0636\u0631 \u0627\u0644\u062f\u0627\u0643\u0646\u060c \u0648\u0646\u0643\u0647\u062a\u0647 \u0627\u0644\u0642\u0648\u064a\u0629 \u0648\u0627\u0644\u062d\u0627\u062f\u0629\u060c \u0648\u0631\u0627\u0626\u062d\u062a\u0647 \u0627\u0644\u0639\u0637\u0631\u064a\u0629 \u0627\u0644\u0645\u0643\u062b\u0641\u0629. \u064a\u0639\u062a\u0628\u0631 \u0647\u0630\u0627 \u0627\u0644\u0639\u0633\u0644 \u0645\u0646 \u0627\u0644\u0623\u0646\u0648\u0627\u0639 \u0627\u0644\u062b\u0645\u064a\u0646\u0629 \u0628\u0641\u0636\u0644 \u0641\u0648\u0627\u0626\u062f\u0647 \u0627\u0644\u0639\u0644\u0627\u062c\u064a\u0629 \u0648\u0645\u0643\u0648\u0646\u0627\u062a\u0647 \u0627\u0644\u063a\u0646\u064a\u0629. \u0642\u0648\u0627\u0645\u0647 \u0639\u0627\u062f\u0629 \u0643\u062b\u064a\u0641\u060c \u0648\u064a\u0639\u062f \u0634\u0627\u0626\u0639\u064b\u0627 \u0628\u0634\u0643\u0644 \u062e\u0627\u0635 \u0641\u064a \u0627\u0644\u0645\u063a\u0631\u0628 \u0648\u0628\u0639\u0636 \u0627\u0644\u0645\u0646\u0627\u0637\u0642 \u0627\u0644\u0623\u062e\u0631\u0649<\/p>\n","protected":false},"excerpt":{"rendered":"<p>Le miel d&#8217;euphorbe, \u00e9galement connu sous le nom de miel de &#8220;Daghmous&#8221;, est un miel rare et unique provenant des fleurs de la plante euphorbe, typique des r\u00e9gions arides et d\u00e9sertiques. Il se distingue par sa couleur ambr\u00e9e fonc\u00e9e, son go\u00fbt fort et piquant, et ses ar\u00f4mes intenses. Ce miel est tr\u00e8s appr\u00e9ci\u00e9 pour ses vertus th\u00e9rapeutiques et sa composition riche en nutriments. Sa texture est g\u00e9n\u00e9ralement \u00e9paisse, et il est particuli\u00e8rement recherch\u00e9 au Maroc et dans d&#8217;autres r\u00e9gions. 0 \u0639\u0633\u0644 &#8220;\u0627\u0644\u062f\u063a\u0645\u0648\u0633&#8221; \u0647\u0648 \u0639\u0633\u0644 \u0646\u0627\u062f\u0631 \u0648\u0645\u0645\u064a\u0632 \u064a\u062a\u0645 \u0627\u0633\u062a\u062e\u0631\u0627\u062c\u0647 \u0645\u0646 \u0623\u0632\u0647\u0627\u0631 \u0646\u0628\u0627\u062a \u0627\u0644\u062f\u063a\u0645\u0648\u0633 \u0648\u0647\u0648 \u0646\u0628\u0627\u062a \u064a\u0646\u0645\u0648 \u0641\u064a \u0627\u0644\u0645\u0646\u0627\u0637\u0642 \u0627\u0644\u062c\u0627\u0641\u0629 \u0648\u0627\u0644\u0635\u062d\u0631\u0627\u0648\u064a\u0629. \u064a\u062a\u0645\u064a\u0632\u2026<\/p>\n","protected":false},"featured_media":2191,"comment_status":"open","ping_status":"closed","template":"","meta":{"om_disable_all_campaigns":false,"_mi_skip_tracking":false,"_monsterinsights_sitenote_active":false,"_monsterinsights_sitenote_note":"","_monsterinsights_sitenote_category":0},"product_cat":[55,59,46],"product_tag":[],"class_list":["post-1718","product","type-product","status-publish","has-post-thumbnail","hentry","product_cat-alimentaires","product_cat-miel","product_cat-tout"],"aioseo_notices":[],"_links":{"self":[{"href":"https:\/\/ouzlimbio.net\/index.php\/wp-json\/wp\/v2\/product\/1718","targetHints":{"allow":["GET"]}}],"collection":[{"href":"https:\/\/ouzlimbio.net\/index.php\/wp-json\/wp\/v2\/product"}],"about":[{"href":"https:\/\/ouzlimbio.net\/index.php\/wp-json\/wp\/v2\/types\/product"}],"replies":[{"embeddable":true,"href":"https:\/\/ouzlimbio.net\/index.php\/wp-json\/wp\/v2\/comments?post=1718"}],"wp:featuredmedia":[{"embeddable":true,"href":"https:\/\/ouzlimbio.net\/index.php\/wp-json\/wp\/v2\/media\/2191"}],"wp:attachment":[{"href":"https:\/\/ouzlimbio.net\/index.php\/wp-json\/wp\/v2\/media?parent=1718"}],"wp:term":[{"taxonomy":"product_cat","embeddable":true,"href":"https:\/\/ouzlimbio.net\/index.php\/wp-json\/wp\/v2\/product_cat?post=1718"},{"taxonomy":"product_tag","embeddable":true,"href":"https:\/\/ouzlimbio.net\/index.php\/wp-json\/wp\/v2\/product_tag?post=1718"}],"curies":[{"name":"wp","href":"https:\/\/api.w.org\/{rel}","templated":true}]}}