{"id":1741,"date":"2023-08-07T11:23:09","date_gmt":"2023-08-07T10:23:09","guid":{"rendered":"https:\/\/ouzlimbio.net\/?post_type=product&#038;p=1741"},"modified":"2025-05-01T21:52:21","modified_gmt":"2025-05-01T20:52:21","slug":"miel-multifleurs","status":"publish","type":"product","link":"https:\/\/ouzlimbio.net\/index.php\/produit\/miel-multifleurs\/","title":{"rendered":"Miel Multifleurs  \u0639\u0633\u0644 \u0627\u0644\u0627\u0632\u0647\u0627\u0631"},"content":{"rendered":"<p>Le miel Multi-fleurs est produit \u00e0 partir du nectar de diff\u00e9rents types de fleurs. Ce miel se distingue par sa saveur riche et complexe qui varie selon les r\u00e9gions et les saisons, et sa couleur l\u00e9g\u00e8rement dor\u00e9e. Le miel Multi-fleurs est riche en nutriments et largement utilis\u00e9 pour ses bienfaits pour la sant\u00e9 et sa polyvalence en cuisine et en soins naturels.<br \/>\n\u0639\u0633\u0644 \u0627\u0644\u0623\u0632\u0647\u0627\u0631 \u064a\u062a\u0645 \u0625\u0646\u062a\u0627\u062c\u0647 \u0645\u0646 \u0631\u062d\u064a\u0642 \u0623\u0646\u0648\u0627\u0639 \u0645\u062e\u062a\u0644\u0641\u0629 \u0645\u0646 \u0627\u0644\u0623\u0632\u0647\u0627\u0631. \u064a\u062a\u0645\u064a\u0632 \u0647\u0630\u0627 \u0627\u0644\u0639\u0633\u0644 \u0628\u0646\u0643\u0647\u062a\u0647 \u0627\u0644\u063a\u0646\u064a\u0629 \u0648\u0627\u0644\u0645\u0639\u0642\u062f\u0629 \u0627\u0644\u062a\u064a \u062a\u062e\u062a\u0644\u0641 \u062d\u0633\u0628 \u0627\u0644\u0645\u0646\u0627\u0637\u0642 \u0648\u0627\u0644\u0641\u0635\u0648\u0644\u060c \u0648\u0644\u0648\u0646\u0647 \u0627\u0644\u0630\u0647\u0628\u064a \u0627\u0644\u0641\u0627\u062a\u062d. \u0639\u0633\u0644 \u0627\u0644\u0623\u0632\u0647\u0627\u0631 \u063a\u0646\u064a \u0628\u0627\u0644\u0645\u063a\u0630\u064a\u0627\u062a \u0648\u064a\u0633\u062a\u062e\u062f\u0645 \u0639\u0644\u0649 \u0646\u0637\u0627\u0642 \u0648\u0627\u0633\u0639 \u0644\u0641\u0648\u0627\u0626\u062f\u0647 \u0627\u0644\u0635\u062d\u064a\u0629 \u0648\u062a\u0639\u062f\u062f \u0627\u0633\u062a\u062e\u062f\u0627\u0645\u0627\u062a\u0647 \u0641\u064a \u0627\u0644\u0637\u0647\u064a \u0648\u0627\u0644\u0639\u0646\u0627\u064a\u0629 \u0627\u0644\u0637\u0628\u064a\u0639\u064a\u0629<\/p>\n","protected":false},"excerpt":{"rendered":"<p>Le miel Multi-fleurs est produit \u00e0 partir du nectar de diff\u00e9rents types de fleurs. Ce miel se distingue par sa saveur riche et complexe qui varie selon les r\u00e9gions et les saisons, et sa couleur l\u00e9g\u00e8rement dor\u00e9e. Le miel Multi-fleurs est riche en nutriments et largement utilis\u00e9 pour ses bienfaits pour la sant\u00e9 et sa polyvalence en cuisine et en soins naturels. \u0639\u0633\u0644 \u0627\u0644\u0623\u0632\u0647\u0627\u0631 \u064a\u062a\u0645 \u0625\u0646\u062a\u0627\u062c\u0647 \u0645\u0646 \u0631\u062d\u064a\u0642 \u0623\u0646\u0648\u0627\u0639 \u0645\u062e\u062a\u0644\u0641\u0629 \u0645\u0646 \u0627\u0644\u0623\u0632\u0647\u0627\u0631. \u064a\u062a\u0645\u064a\u0632 \u0647\u0630\u0627 \u0627\u0644\u0639\u0633\u0644 \u0628\u0646\u0643\u0647\u062a\u0647 \u0627\u0644\u063a\u0646\u064a\u0629 \u0648\u0627\u0644\u0645\u0639\u0642\u062f\u0629 \u0627\u0644\u062a\u064a \u062a\u062e\u062a\u0644\u0641 \u062d\u0633\u0628 \u0627\u0644\u0645\u0646\u0627\u0637\u0642 \u0648\u0627\u0644\u0641\u0635\u0648\u0644\u060c \u0648\u0644\u0648\u0646\u0647 \u0627\u0644\u0630\u0647\u0628\u064a \u0627\u0644\u0641\u0627\u062a\u062d. \u0639\u0633\u0644 \u0627\u0644\u0623\u0632\u0647\u0627\u0631 \u063a\u0646\u064a \u0628\u0627\u0644\u0645\u063a\u0630\u064a\u0627\u062a \u0648\u064a\u0633\u062a\u062e\u062f\u0645 \u0639\u0644\u0649 \u0646\u0637\u0627\u0642 \u0648\u0627\u0633\u0639 \u0644\u0641\u0648\u0627\u0626\u062f\u0647 \u0627\u0644\u0635\u062d\u064a\u0629 \u0648\u062a\u0639\u062f\u062f \u0627\u0633\u062a\u062e\u062f\u0627\u0645\u0627\u062a\u0647 \u0641\u064a \u0627\u0644\u0637\u0647\u064a\u2026<\/p>\n","protected":false},"featured_media":2185,"comment_status":"open","ping_status":"closed","template":"","meta":{"om_disable_all_campaigns":false,"_mi_skip_tracking":false,"_monsterinsights_sitenote_active":false,"_monsterinsights_sitenote_note":"","_monsterinsights_sitenote_category":0},"product_cat":[55,59,46],"product_tag":[],"class_list":["post-1741","product","type-product","status-publish","has-post-thumbnail","hentry","product_cat-alimentaires","product_cat-miel","product_cat-tout"],"aioseo_notices":[],"_links":{"self":[{"href":"https:\/\/ouzlimbio.net\/index.php\/wp-json\/wp\/v2\/product\/1741","targetHints":{"allow":["GET"]}}],"collection":[{"href":"https:\/\/ouzlimbio.net\/index.php\/wp-json\/wp\/v2\/product"}],"about":[{"href":"https:\/\/ouzlimbio.net\/index.php\/wp-json\/wp\/v2\/types\/product"}],"replies":[{"embeddable":true,"href":"https:\/\/ouzlimbio.net\/index.php\/wp-json\/wp\/v2\/comments?post=1741"}],"wp:featuredmedia":[{"embeddable":true,"href":"https:\/\/ouzlimbio.net\/index.php\/wp-json\/wp\/v2\/media\/2185"}],"wp:attachment":[{"href":"https:\/\/ouzlimbio.net\/index.php\/wp-json\/wp\/v2\/media?parent=1741"}],"wp:term":[{"taxonomy":"product_cat","embeddable":true,"href":"https:\/\/ouzlimbio.net\/index.php\/wp-json\/wp\/v2\/product_cat?post=1741"},{"taxonomy":"product_tag","embeddable":true,"href":"https:\/\/ouzlimbio.net\/index.php\/wp-json\/wp\/v2\/product_tag?post=1741"}],"curies":[{"name":"wp","href":"https:\/\/api.w.org\/{rel}","templated":true}]}}