{"id":2221,"date":"2025-04-14T12:59:34","date_gmt":"2025-04-14T11:59:34","guid":{"rendered":"https:\/\/ouzlimbio.net\/?post_type=product&#038;p=2221"},"modified":"2025-05-09T16:00:35","modified_gmt":"2025-05-09T15:00:35","slug":"huile-dargan-parfumee-au-fleur-doranger","status":"publish","type":"product","link":"https:\/\/ouzlimbio.net\/index.php\/produit\/huile-dargan-parfumee-au-fleur-doranger\/","title":{"rendered":"Huile d&#8217;Argan parfum\u00e9e au fleur d&#8217;oranger"},"content":{"rendered":"<p>L&#8217;huile d&#8217;argan parfum\u00e9e au fleur d&#8217;orange est id\u00e9ale pour une utilisation sur les cheveux et le corps. Gr\u00e2ce \u00e0 ses propri\u00e9t\u00e9s nourrissantes et hydratantes, elle offre des bienfaits complets pour les deux.<\/p>\n<p>Pour les cheveux : Appliquez une petite quantit\u00e9 d&#8217;huile sur les cheveux humides ou secs, en insistant sur les pointes et les zones les plus s\u00e8ches. Massez doucement pour faire p\u00e9n\u00e9trer l&#8217;huile dans les cheveux et le cuir chevelu. Elle aidera \u00e0 nourrir et \u00e0 renforcer les cheveux, \u00e0 r\u00e9duire les frisottis et \u00e0 restaurer la brillance naturelle.<\/p>\n<p>Pour le corps : Apr\u00e8s la douche ou le bain, appliquez l&#8217;huile sur votre peau encore humide. Massez d\u00e9licatement pour permettre \u00e0 l&#8217;huile de bien p\u00e9n\u00e9trer. L&#8217;huile d&#8217;argan parfum\u00e9e au fleur d&#8217;oranger hydratera en profondeur votre peau, la laissant douce, souple et d\u00e9licatement parfum\u00e9e.<\/p>\n<p>Que ce soit pour vos cheveux ou votre corps, cette huile d&#8217;argan parfum\u00e9e au fleur d&#8217;orange vous offrira une exp\u00e9rience de soin luxueuse, enrichie par les bienfaits de l&#8217;huile d&#8217;argan et l&#8217;\u00e9l\u00e9gance du parfum de fleur d&#8217;orange. Prenez soin de vous avec cette huile polyvalente, qui sublimera votre beaut\u00e9 naturelle de la t\u00eate aux pieds.<\/p>\n","protected":false},"excerpt":{"rendered":"<p>L&#8217;huile d&#8217;argan parfum\u00e9e au fleur d&#8217;orange est id\u00e9ale pour une utilisation sur les cheveux et le corps. Gr\u00e2ce \u00e0 ses propri\u00e9t\u00e9s nourrissantes et hydratantes, elle offre des bienfaits complets pour les deux. Pour les cheveux : Appliquez une petite quantit\u00e9 d&#8217;huile sur les cheveux humides ou secs, en insistant sur les pointes et les zones les plus s\u00e8ches. Massez doucement pour faire p\u00e9n\u00e9trer l&#8217;huile dans les cheveux et le cuir chevelu. Elle aidera \u00e0 nourrir et \u00e0 renforcer les cheveux, \u00e0 r\u00e9duire les frisottis et \u00e0 restaurer la brillance naturelle. Pour le corps : Apr\u00e8s la douche ou le bain,\u2026<\/p>\n","protected":false},"featured_media":2222,"comment_status":"open","ping_status":"closed","template":"","meta":{"om_disable_all_campaigns":false,"_mi_skip_tracking":false,"_monsterinsights_sitenote_active":false,"_monsterinsights_sitenote_note":"","_monsterinsights_sitenote_category":0},"product_cat":[19,54,46],"product_tag":[],"class_list":["post-2221","product","type-product","status-publish","has-post-thumbnail","hentry","product_cat-non-classe","product_cat-cosmetique","product_cat-tout"],"aioseo_notices":[],"_links":{"self":[{"href":"https:\/\/ouzlimbio.net\/index.php\/wp-json\/wp\/v2\/product\/2221","targetHints":{"allow":["GET"]}}],"collection":[{"href":"https:\/\/ouzlimbio.net\/index.php\/wp-json\/wp\/v2\/product"}],"about":[{"href":"https:\/\/ouzlimbio.net\/index.php\/wp-json\/wp\/v2\/types\/product"}],"replies":[{"embeddable":true,"href":"https:\/\/ouzlimbio.net\/index.php\/wp-json\/wp\/v2\/comments?post=2221"}],"wp:featuredmedia":[{"embeddable":true,"href":"https:\/\/ouzlimbio.net\/index.php\/wp-json\/wp\/v2\/media\/2222"}],"wp:attachment":[{"href":"https:\/\/ouzlimbio.net\/index.php\/wp-json\/wp\/v2\/media?parent=2221"}],"wp:term":[{"taxonomy":"product_cat","embeddable":true,"href":"https:\/\/ouzlimbio.net\/index.php\/wp-json\/wp\/v2\/product_cat?post=2221"},{"taxonomy":"product_tag","embeddable":true,"href":"https:\/\/ouzlimbio.net\/index.php\/wp-json\/wp\/v2\/product_tag?post=2221"}],"curies":[{"name":"wp","href":"https:\/\/api.w.org\/{rel}","templated":true}]}}