{"id":2328,"date":"2025-04-17T15:13:10","date_gmt":"2025-04-17T14:13:10","guid":{"rendered":"https:\/\/ouzlimbio.net\/?post_type=product&#038;p=2328"},"modified":"2025-05-01T21:55:32","modified_gmt":"2025-05-01T20:55:32","slug":"beurre-de-chocolat","status":"publish","type":"product","link":"https:\/\/ouzlimbio.net\/index.php\/produit\/beurre-de-chocolat\/","title":{"rendered":"Beurre de chocolat"},"content":{"rendered":"<p>Notre<strong data-start=\"143\" data-end=\"179\"> beurre de chocolat naturel<\/strong> marie intensit\u00e9 et douceur : du cacao de qualit\u00e9, une touche de sucre non raffin\u00e9\u2026 et rien d\u2019autre.<br data-start=\"279\" data-end=\"282\" \/>Sans huile de palme, sans additifs \u2014 uniquement le plaisir brut du chocolat, \u00e0 tartiner sans mod\u00e9ration.<br data-start=\"386\" data-end=\"389\" \/>Riche en go\u00fbt et en \u00e9nergie, il sublime vos petits-d\u00e9jeuners, r\u00e9chauffe vos pauses gourmandes et ajoute une touche chocolat\u00e9e \u00e0 toutes vos recettes maison.<\/p>\n","protected":false},"excerpt":{"rendered":"<p>Notre beurre de chocolat naturel marie intensit\u00e9 et douceur : du cacao de qualit\u00e9, une touche de sucre non raffin\u00e9\u2026 et rien d\u2019autre.Sans huile de palme, sans additifs \u2014 uniquement le plaisir brut du chocolat, \u00e0 tartiner sans mod\u00e9ration.Riche en go\u00fbt et en \u00e9nergie, il sublime vos petits-d\u00e9jeuners, r\u00e9chauffe vos pauses gourmandes et ajoute une touche chocolat\u00e9e \u00e0 toutes vos recettes maison.<\/p>\n","protected":false},"featured_media":2331,"comment_status":"open","ping_status":"closed","template":"","meta":{"om_disable_all_campaigns":false,"_mi_skip_tracking":false,"_monsterinsights_sitenote_active":false,"_monsterinsights_sitenote_note":"","_monsterinsights_sitenote_category":0},"product_cat":[19,55,61,46],"product_tag":[],"class_list":["post-2328","product","type-product","status-publish","has-post-thumbnail","hentry","product_cat-non-classe","product_cat-alimentaires","product_cat-beurres","product_cat-tout"],"aioseo_notices":[],"_links":{"self":[{"href":"https:\/\/ouzlimbio.net\/index.php\/wp-json\/wp\/v2\/product\/2328","targetHints":{"allow":["GET"]}}],"collection":[{"href":"https:\/\/ouzlimbio.net\/index.php\/wp-json\/wp\/v2\/product"}],"about":[{"href":"https:\/\/ouzlimbio.net\/index.php\/wp-json\/wp\/v2\/types\/product"}],"replies":[{"embeddable":true,"href":"https:\/\/ouzlimbio.net\/index.php\/wp-json\/wp\/v2\/comments?post=2328"}],"wp:featuredmedia":[{"embeddable":true,"href":"https:\/\/ouzlimbio.net\/index.php\/wp-json\/wp\/v2\/media\/2331"}],"wp:attachment":[{"href":"https:\/\/ouzlimbio.net\/index.php\/wp-json\/wp\/v2\/media?parent=2328"}],"wp:term":[{"taxonomy":"product_cat","embeddable":true,"href":"https:\/\/ouzlimbio.net\/index.php\/wp-json\/wp\/v2\/product_cat?post=2328"},{"taxonomy":"product_tag","embeddable":true,"href":"https:\/\/ouzlimbio.net\/index.php\/wp-json\/wp\/v2\/product_tag?post=2328"}],"curies":[{"name":"wp","href":"https:\/\/api.w.org\/{rel}","templated":true}]}}