{"id":2335,"date":"2025-04-17T15:22:06","date_gmt":"2025-04-17T14:22:06","guid":{"rendered":"https:\/\/ouzlimbio.net\/?post_type=product&#038;p=2335"},"modified":"2025-05-01T21:55:32","modified_gmt":"2025-05-01T20:55:32","slug":"beurre-de-chocolat-kids","status":"publish","type":"product","link":"https:\/\/ouzlimbio.net\/index.php\/produit\/beurre-de-chocolat-kids\/","title":{"rendered":"Beurre de chocolat KIDS"},"content":{"rendered":"<p>Notre <strong data-start=\"137\" data-end=\"176\">beurre chocolat\u00e9 sp\u00e9cial kids<\/strong> : une gourmandise saine pens\u00e9e pour les petits\u2026 et approuv\u00e9e par les grands !<br data-start=\"254\" data-end=\"257\" \/>Un d\u00e9licieux m\u00e9lange de noisettes, de cacao doux et d\u2019un soup\u00e7on de sucre de canne non raffin\u00e9 \u2014 sans huile de palme, sans additifs, et surtout, sans compromis sur le go\u00fbt.<br data-start=\"429\" data-end=\"432\" \/>Cr\u00e9meux, fondant et plein d\u2019\u00e9nergie, il est parfait pour les tartines du matin, les go\u00fbters rigolos ou les petites envies sucr\u00e9es.<\/p>\n","protected":false},"excerpt":{"rendered":"<p>Notre beurre chocolat\u00e9 sp\u00e9cial kids : une gourmandise saine pens\u00e9e pour les petits\u2026 et approuv\u00e9e par les grands !Un d\u00e9licieux m\u00e9lange de noisettes, de cacao doux et d\u2019un soup\u00e7on de sucre de canne non raffin\u00e9 \u2014 sans huile de palme, sans additifs, et surtout, sans compromis sur le go\u00fbt.Cr\u00e9meux, fondant et plein d\u2019\u00e9nergie, il est parfait pour les tartines du matin, les go\u00fbters rigolos ou les petites envies sucr\u00e9es.<\/p>\n","protected":false},"featured_media":2336,"comment_status":"open","ping_status":"closed","template":"","meta":{"om_disable_all_campaigns":false,"_mi_skip_tracking":false,"_monsterinsights_sitenote_active":false,"_monsterinsights_sitenote_note":"","_monsterinsights_sitenote_category":0},"product_cat":[55,61,46],"product_tag":[],"class_list":["post-2335","product","type-product","status-publish","has-post-thumbnail","hentry","product_cat-alimentaires","product_cat-beurres","product_cat-tout"],"aioseo_notices":[],"_links":{"self":[{"href":"https:\/\/ouzlimbio.net\/index.php\/wp-json\/wp\/v2\/product\/2335","targetHints":{"allow":["GET"]}}],"collection":[{"href":"https:\/\/ouzlimbio.net\/index.php\/wp-json\/wp\/v2\/product"}],"about":[{"href":"https:\/\/ouzlimbio.net\/index.php\/wp-json\/wp\/v2\/types\/product"}],"replies":[{"embeddable":true,"href":"https:\/\/ouzlimbio.net\/index.php\/wp-json\/wp\/v2\/comments?post=2335"}],"wp:featuredmedia":[{"embeddable":true,"href":"https:\/\/ouzlimbio.net\/index.php\/wp-json\/wp\/v2\/media\/2336"}],"wp:attachment":[{"href":"https:\/\/ouzlimbio.net\/index.php\/wp-json\/wp\/v2\/media?parent=2335"}],"wp:term":[{"taxonomy":"product_cat","embeddable":true,"href":"https:\/\/ouzlimbio.net\/index.php\/wp-json\/wp\/v2\/product_cat?post=2335"},{"taxonomy":"product_tag","embeddable":true,"href":"https:\/\/ouzlimbio.net\/index.php\/wp-json\/wp\/v2\/product_tag?post=2335"}],"curies":[{"name":"wp","href":"https:\/\/api.w.org\/{rel}","templated":true}]}}