{"id":2340,"date":"2025-04-17T16:14:28","date_gmt":"2025-04-17T15:14:28","guid":{"rendered":"https:\/\/ouzlimbio.net\/?post_type=product&#038;p=2340"},"modified":"2025-05-01T21:55:32","modified_gmt":"2025-05-01T20:55:32","slug":"beurre-de-pistache","status":"publish","type":"product","link":"https:\/\/ouzlimbio.net\/index.php\/produit\/beurre-de-pistache\/","title":{"rendered":"Beurre de pistache"},"content":{"rendered":"<p>Notre <strong>beurre de pistache<\/strong> est compos\u00e9 exclusivement de pistaches, sans aucun ajout d\u2019huile, de sucre, de sel ni de conservateurs. Il s\u2019agit d\u2019un produit pur, sain, et respectueux de votre sant\u00e9. Gr\u00e2ce \u00e0 un proc\u00e9d\u00e9 de transformation artisanal, les ar\u00f4mes naturels des pistaches sont pr\u00e9serv\u00e9s, offrant une intensit\u00e9 de go\u00fbt exceptionnelle.<\/p>\n","protected":false},"excerpt":{"rendered":"<p>Notre beurre de pistache est compos\u00e9 exclusivement de pistaches, sans aucun ajout d\u2019huile, de sucre, de sel ni de conservateurs. Il s\u2019agit d\u2019un produit pur, sain, et respectueux de votre sant\u00e9. Gr\u00e2ce \u00e0 un proc\u00e9d\u00e9 de transformation artisanal, les ar\u00f4mes naturels des pistaches sont pr\u00e9serv\u00e9s, offrant une intensit\u00e9 de go\u00fbt exceptionnelle.<\/p>\n","protected":false},"featured_media":2342,"comment_status":"open","ping_status":"closed","template":"","meta":{"om_disable_all_campaigns":false,"_mi_skip_tracking":false,"_monsterinsights_sitenote_active":false,"_monsterinsights_sitenote_note":"","_monsterinsights_sitenote_category":0},"product_cat":[19,55,61,46],"product_tag":[],"class_list":["post-2340","product","type-product","status-publish","has-post-thumbnail","hentry","product_cat-non-classe","product_cat-alimentaires","product_cat-beurres","product_cat-tout"],"aioseo_notices":[],"_links":{"self":[{"href":"https:\/\/ouzlimbio.net\/index.php\/wp-json\/wp\/v2\/product\/2340","targetHints":{"allow":["GET"]}}],"collection":[{"href":"https:\/\/ouzlimbio.net\/index.php\/wp-json\/wp\/v2\/product"}],"about":[{"href":"https:\/\/ouzlimbio.net\/index.php\/wp-json\/wp\/v2\/types\/product"}],"replies":[{"embeddable":true,"href":"https:\/\/ouzlimbio.net\/index.php\/wp-json\/wp\/v2\/comments?post=2340"}],"wp:featuredmedia":[{"embeddable":true,"href":"https:\/\/ouzlimbio.net\/index.php\/wp-json\/wp\/v2\/media\/2342"}],"wp:attachment":[{"href":"https:\/\/ouzlimbio.net\/index.php\/wp-json\/wp\/v2\/media?parent=2340"}],"wp:term":[{"taxonomy":"product_cat","embeddable":true,"href":"https:\/\/ouzlimbio.net\/index.php\/wp-json\/wp\/v2\/product_cat?post=2340"},{"taxonomy":"product_tag","embeddable":true,"href":"https:\/\/ouzlimbio.net\/index.php\/wp-json\/wp\/v2\/product_tag?post=2340"}],"curies":[{"name":"wp","href":"https:\/\/api.w.org\/{rel}","templated":true}]}}